{"id":255,"date":"2025-08-14T23:56:34","date_gmt":"2025-08-14T21:56:34","guid":{"rendered":"https:\/\/podium-cafe.fr\/?page_id=255"},"modified":"2026-02-21T03:26:11","modified_gmt":"2026-02-21T02:26:11","slug":"equipe","status":"publish","type":"page","link":"https:\/\/podium-cafe.fr\/index.php\/equipe\/","title":{"rendered":"Equipe"},"content":{"rendered":"\t\t<div data-elementor-type=\"wp-page\" data-elementor-id=\"255\" class=\"elementor elementor-255\" data-elementor-post-type=\"page\">\n\t\t\t\t<div class=\"elementor-element elementor-element-a8abbf3 e-flex e-con-boxed e-con e-parent\" data-id=\"a8abbf3\" data-element_type=\"container\">\n\t\t\t\t\t<div class=\"e-con-inner\">\n\t\t\t\t<div class=\"elementor-element elementor-element-c99ae9c elementor-widget elementor-widget-text-editor\" data-id=\"c99ae9c\" data-element_type=\"widget\" data-widget_type=\"text-editor.default\">\n\t\t\t\t\t\t\t\t\t<h2><span class=\"a_GcMg font-feature-liga-off font-feature-clig-off font-feature-calt-off text-decoration-none text-strikethrough-none\">&#8220;Les tiers-lieux sont la combinaison complexe entre un lieu et une personnalit\u00e9, porteur de projet et animateur.&#8221;<\/span><\/h2>\t\t\t\t\t\t\t\t<\/div>\n\t\t\t\t<div class=\"elementor-element elementor-element-fd2354d elementor-widget elementor-widget-text-editor\" data-id=\"fd2354d\" data-element_type=\"widget\" data-widget_type=\"text-editor.default\">\n\t\t\t\t\t\t\t\t\t<h2>Sur le terrain<\/h2>\t\t\t\t\t\t\t\t<\/div>\n\t\t\t\t\t<\/div>\n\t\t\t\t<\/div>\n\t\t<div class=\"elementor-element elementor-element-a08c450 e-grid e-con-boxed e-con e-parent\" data-id=\"a08c450\" data-element_type=\"container\">\n\t\t\t\t\t<div class=\"e-con-inner\">\n\t\t\t\t<div class=\"elementor-element elementor-element-7508afe elementor-widget elementor-widget-image\" data-id=\"7508afe\" data-element_type=\"widget\" data-widget_type=\"image.default\">\n\t\t\t\t\t\t\t\t\t\t\t\t\t\t\t<img fetchpriority=\"high\" decoding=\"async\" width=\"1024\" height=\"1024\" src=\"https:\/\/podium-cafe.fr\/wp-content\/uploads\/2025\/08\/IMG_20250817_035552-1024x1024.jpg\" class=\"attachment-large size-large wp-image-288\" alt=\"Photo de Lucie\" srcset=\"https:\/\/podium-cafe.fr\/wp-content\/uploads\/2025\/08\/IMG_20250817_035552-1024x1024.jpg 1024w, https:\/\/podium-cafe.fr\/wp-content\/uploads\/2025\/08\/IMG_20250817_035552-300x300.jpg 300w, https:\/\/podium-cafe.fr\/wp-content\/uploads\/2025\/08\/IMG_20250817_035552-150x150.jpg 150w, https:\/\/podium-cafe.fr\/wp-content\/uploads\/2025\/08\/IMG_20250817_035552-768x768.jpg 768w, https:\/\/podium-cafe.fr\/wp-content\/uploads\/2025\/08\/IMG_20250817_035552.jpg 1140w\" sizes=\"(max-width: 1024px) 100vw, 1024px\" \/>\t\t\t\t\t\t\t\t\t\t\t\t\t\t\t<\/div>\n\t\t\t\t<div class=\"elementor-element elementor-element-744f977 elementor-widget elementor-widget-text-editor\" data-id=\"744f977\" data-element_type=\"widget\" data-widget_type=\"text-editor.default\">\n\t\t\t\t\t\t\t\t\t<p><span class=\"a_GcMg font-feature-liga-off font-feature-clig-off font-feature-calt-off text-decoration-none text-strikethrough-none\">Apr\u00e8s des \u00e9tudes en marketing international et management, <b>Lucie <\/b>a pass\u00e9 plusieurs ann\u00e9es \u00e0 arpenter la sc\u00e8ne de la tech(no) Berlinoise. Elle a pu y d\u00e9couvrir des espaces hybrides o\u00f9 se rencontraient des freelances, des artistes, des sportifs, qui l&#8217;ont inspir\u00e9e dans la construction de ce projet.<\/span><\/p><p><span class=\"a_GcMg font-feature-liga-off font-feature-clig-off font-feature-calt-off text-decoration-none text-strikethrough-none\">Son objectif principal avec le Podium ? C&#8217;est de cr\u00e9er avec les habitants de la commune un lieu accueillant, vivant, un rep\u00e8re dont la porte n&#8217;est (presque) jamais ferm\u00e9e. Elle y met tout ce qu&#8217;elle aime : les couleurs, les saveurs, la musique, et bien s\u00fbr le sport.<\/span><\/p><p><span class=\"a_GcMg font-feature-liga-off font-feature-clig-off font-feature-calt-off text-decoration-none text-strikethrough-none\">Le Podium n&#8217;est pas sa premi\u00e8re aventure entrepreneuriale. Elle a cr\u00e9\u00e9 l&#8217;association <a class=\"a_GcMg font-feature-liga-off font-feature-clig-off font-feature-calt-off text-decoration-underline text-strikethrough-none\" draggable=\"false\" href=\"https:\/\/ballsie.fr\" target=\"_blank\" rel=\"noopener\">Ballsie<\/a> en 2019, pour aider les jeunes filles \u00e0 traverser l&#8217;adolescence gr\u00e2ce au sport. Pendant quatre ans, les diff\u00e9rentes rencontres organis\u00e9es \u00e0 Rennes et \u00e0 Berlin ont permis de leur montrer qu\u2019il est possible d\u2019\u00eatre active au sein de la communaut\u00e9 sportive tout au long de sa vie.<\/span><\/p>\t\t\t\t\t\t\t\t<\/div>\n\t\t\t\t<div class=\"elementor-element elementor-element-044caec elementor-widget elementor-widget-image\" data-id=\"044caec\" data-element_type=\"widget\" data-widget_type=\"image.default\">\n\t\t\t\t\t\t\t\t\t\t\t\t\t\t\t<img decoding=\"async\" width=\"1024\" height=\"1024\" src=\"https:\/\/podium-cafe.fr\/wp-content\/uploads\/2025\/08\/Fabien-1024x1024.jpg\" class=\"attachment-large size-large wp-image-431\" alt=\"\" srcset=\"https:\/\/podium-cafe.fr\/wp-content\/uploads\/2025\/08\/Fabien-1024x1024.jpg 1024w, https:\/\/podium-cafe.fr\/wp-content\/uploads\/2025\/08\/Fabien-300x300.jpg 300w, https:\/\/podium-cafe.fr\/wp-content\/uploads\/2025\/08\/Fabien-150x150.jpg 150w, https:\/\/podium-cafe.fr\/wp-content\/uploads\/2025\/08\/Fabien-768x768.jpg 768w, https:\/\/podium-cafe.fr\/wp-content\/uploads\/2025\/08\/Fabien-1536x1536.jpg 1536w, https:\/\/podium-cafe.fr\/wp-content\/uploads\/2025\/08\/Fabien-2048x2048.jpg 2048w\" sizes=\"(max-width: 1024px) 100vw, 1024px\" \/>\t\t\t\t\t\t\t\t\t\t\t\t\t\t\t<\/div>\n\t\t\t\t<div class=\"elementor-element elementor-element-9f25943 elementor-widget elementor-widget-text-editor\" data-id=\"9f25943\" data-element_type=\"widget\" data-widget_type=\"text-editor.default\">\n\t\t\t\t\t\t\t\t\t<p>On dit parfois que derri\u00e8re chaque grand homme, il y a une femme. <strong>Fabien<\/strong> lui, aime bien dire le contraire : il fait le travail de l&#8217;ombre, il est l\u00e0 pour mettre de l&#8217;huile dans les rouages et vous le verrez s\u00fbrement les soirs de match, s&#8217;assurer que la t\u00e9l\u00e9 soit branch\u00e9e sur la bonne cha\u00eene.<\/p><p>Multisports, il suit la ligue 1 autant que l&#8217;Euroleague de basket ou le championnat du monde de biathlon. Une question sur l&#8217;agenda des retransmissions sportives ou notre s\u00e9lection de bi\u00e8res pression ? C&#8217;est \u00e0 lui qu&#8217;il faut la poser \ud83d\ude09<\/p>\t\t\t\t\t\t\t\t<\/div>\n\t\t\t\t<div class=\"elementor-element elementor-element-9a65f87 elementor-widget elementor-widget-image\" data-id=\"9a65f87\" data-element_type=\"widget\" data-widget_type=\"image.default\">\n\t\t\t\t\t\t\t\t\t\t\t\t\t\t\t<img decoding=\"async\" width=\"500\" height=\"500\" src=\"https:\/\/podium-cafe.fr\/wp-content\/uploads\/2026\/02\/Elodie-bw.png\" class=\"attachment-large size-large wp-image-813\" alt=\"\" srcset=\"https:\/\/podium-cafe.fr\/wp-content\/uploads\/2026\/02\/Elodie-bw.png 500w, https:\/\/podium-cafe.fr\/wp-content\/uploads\/2026\/02\/Elodie-bw-300x300.png 300w, https:\/\/podium-cafe.fr\/wp-content\/uploads\/2026\/02\/Elodie-bw-150x150.png 150w\" sizes=\"(max-width: 500px) 100vw, 500px\" \/>\t\t\t\t\t\t\t\t\t\t\t\t\t\t\t<\/div>\n\t\t\t\t<div class=\"elementor-element elementor-element-e773631 elementor-widget elementor-widget-text-editor\" data-id=\"e773631\" data-element_type=\"widget\" data-widget_type=\"text-editor.default\">\n\t\t\t\t\t\t\t\t\t<p>Apr\u00e8s avoir fait ses armes dans des stations touristiques dans toute la France, <strong>\u00c9lodie<\/strong> nous a rejoints en septembre ! C&#8217;est elle qui vous concte les petits plats gourmands du midi \u00e0 la cantine, sans jamais sous-estimer les desserts. Si elle n&#8217;est pas en cuisine, vous la croiserez peut-\u00eatre au studio en train de porter des trucs louuurds, ou en train de pr\u00e9parer un dirty cha\u00ef au coin de la machine \u00e0 caf\u00e9.<\/p>\t\t\t\t\t\t\t\t<\/div>\n\t\t\t\t<div class=\"elementor-element elementor-element-8b42459 elementor-widget elementor-widget-image\" data-id=\"8b42459\" data-element_type=\"widget\" data-widget_type=\"image.default\">\n\t\t\t\t\t\t\t\t\t\t\t\t\t\t\t<img loading=\"lazy\" decoding=\"async\" width=\"1024\" height=\"1024\" src=\"https:\/\/podium-cafe.fr\/wp-content\/uploads\/2026\/02\/Barmaid-illus-1024x1024.png\" class=\"attachment-large size-large wp-image-812\" alt=\"\" srcset=\"https:\/\/podium-cafe.fr\/wp-content\/uploads\/2026\/02\/Barmaid-illus-1024x1024.png 1024w, https:\/\/podium-cafe.fr\/wp-content\/uploads\/2026\/02\/Barmaid-illus-300x300.png 300w, https:\/\/podium-cafe.fr\/wp-content\/uploads\/2026\/02\/Barmaid-illus-150x150.png 150w, https:\/\/podium-cafe.fr\/wp-content\/uploads\/2026\/02\/Barmaid-illus-768x768.png 768w, https:\/\/podium-cafe.fr\/wp-content\/uploads\/2026\/02\/Barmaid-illus.png 1313w\" sizes=\"(max-width: 1024px) 100vw, 1024px\" \/>\t\t\t\t\t\t\t\t\t\t\t\t\t\t\t<\/div>\n\t\t\t\t<div class=\"elementor-element elementor-element-aa8de84 elementor-widget elementor-widget-text-editor\" data-id=\"aa8de84\" data-element_type=\"widget\" data-widget_type=\"text-editor.default\">\n\t\t\t\t\t\t\t\t\t<p>Nous avons besoin de renforts au niveau du service au bar de <span style=\"text-decoration: underline;\">mars \u00e0 septembre<\/span> 2026. Un poste est ouvert pour un contrat d&#8217;alternance Barmaid \/ Barman. <a href=\"https:\/\/podium-cafe.fr\/wp-content\/uploads\/2026\/02\/TFP-BARMAN-1.pdf\">Voir le d\u00e9tail de la formation : ICI<\/a>.<\/p><p class=\"cvGsUA direction-ltr align-justify para-style-body\"><span class=\"a_GcMg font-feature-liga-off font-feature-clig-off font-feature-calt-off text-decoration-none text-strikethrough-none\">Les missions au bar :<\/span><\/p><ul><li><span class=\"a_GcMg font-feature-liga-off font-feature-clig-off font-feature-calt-off text-decoration-none text-strikethrough-none\">\u00c9laboration d\u2019une offre de boissons fra\u00eeches et cocktails en fonction de la saison<\/span><\/li><li><span class=\"a_GcMg font-feature-liga-off font-feature-clig-off font-feature-calt-off text-decoration-none text-strikethrough-none\">Prise de commande et service au comptoir<\/span><\/li><li><span class=\"a_GcMg font-feature-liga-off font-feature-clig-off font-feature-calt-off text-decoration-none text-strikethrough-none\">Pr\u00e9paration de boissons chaudes et froides<\/span><\/li><li><span class=\"a_GcMg font-feature-liga-off font-feature-clig-off font-feature-calt-off text-decoration-none text-strikethrough-none\">Aide au service en salle<\/span><\/li><li><span class=\"a_GcMg font-feature-liga-off font-feature-clig-off font-feature-calt-off text-decoration-none text-strikethrough-none\">Nettoyage et entretien du mat\u00e9riel et de l&#8217;espace de travail apr\u00e8s chaque service<\/span><\/li><li><span class=\"a_GcMg font-feature-liga-off font-feature-clig-off font-feature-calt-off text-decoration-none text-strikethrough-none\">Suivi du PMS et respect des normes d&#8217;hygi\u00e8ne en restauration commerciale<\/span><\/li><\/ul><p class=\"cvGsUA direction-ltr align-justify para-style-body\"><span class=\"a_GcMg font-feature-liga-off font-feature-clig-off font-feature-calt-off text-decoration-none text-strikethrough-none\">Autres missions :<\/span><\/p><ul><li><span class=\"a_GcMg font-feature-liga-off font-feature-clig-off font-feature-calt-off text-decoration-none text-strikethrough-none\">Participation \u00e0 l\u2019organisation des \u00e9v\u00e8nements (concerts, comp\u00e9titions sportives, privatisations)<\/span><\/li><li><span class=\"a_GcMg font-feature-liga-off font-feature-clig-off font-feature-calt-off text-decoration-none text-strikethrough-none\">Cr\u00e9ation de contenus et animation r\u00e9seaux sociaux<\/span><\/li><li><span class=\"a_GcMg font-feature-liga-off font-feature-clig-off font-feature-calt-off text-decoration-none text-strikethrough-none\">D\u00e9veloppement commercial<\/span><\/li><\/ul><p>Rythme mensuel : une semaine de formation (\u00e0 Rennes) \/ 3 semaines en entreprise au Podium (35h &#8211; un jour travaill\u00e9 le weekend).<\/p><p><span class=\"a_GcMg font-feature-liga-off font-feature-clig-off font-feature-calt-off text-decoration-none text-strikethrough-none\">Si l&#8217;aventure te tente, envoie-nous un CV et quelques lignes sur tes motivations.<\/span><\/p>\t\t\t\t\t\t\t\t<\/div>\n\t\t\t\t\t<\/div>\n\t\t\t\t<\/div>\n\t\t<div class=\"elementor-element elementor-element-93bbb98 e-flex e-con-boxed e-con e-parent\" data-id=\"93bbb98\" data-element_type=\"container\">\n\t\t\t\t\t<div class=\"e-con-inner\">\n\t\t\t\t\t<\/div>\n\t\t\t\t<\/div>\n\t\t<div class=\"elementor-element elementor-element-0627676 e-flex e-con-boxed e-con e-parent\" data-id=\"0627676\" data-element_type=\"container\">\n\t\t\t\t\t<div class=\"e-con-inner\">\n\t\t\t\t<div class=\"elementor-element elementor-element-b2ec6ed elementor-widget elementor-widget-text-editor\" data-id=\"b2ec6ed\" data-element_type=\"widget\" data-widget_type=\"text-editor.default\">\n\t\t\t\t\t\t\t\t\t<h2>Un grand merci \u00e0&#8230;<\/h2>\t\t\t\t\t\t\t\t<\/div>\n\t\t\t\t\t<\/div>\n\t\t\t\t<\/div>\n\t\t<div class=\"elementor-element elementor-element-81d06f8 e-grid e-con-boxed e-con e-parent\" data-id=\"81d06f8\" data-element_type=\"container\">\n\t\t\t\t\t<div class=\"e-con-inner\">\n\t\t\t\t<div class=\"elementor-element elementor-element-efae91b elementor-position-top elementor-widget elementor-widget-image-box\" data-id=\"efae91b\" data-element_type=\"widget\" data-widget_type=\"image-box.default\">\n\t\t\t\t\t<div class=\"elementor-image-box-wrapper\"><figure class=\"elementor-image-box-img\"><img loading=\"lazy\" decoding=\"async\" width=\"2063\" height=\"2063\" src=\"https:\/\/podium-cafe.fr\/wp-content\/uploads\/2025\/08\/IMG_20250817_035537.jpg\" class=\"attachment-full size-full wp-image-293\" alt=\"Photo d&#039;Alliancine\" srcset=\"https:\/\/podium-cafe.fr\/wp-content\/uploads\/2025\/08\/IMG_20250817_035537.jpg 2063w, https:\/\/podium-cafe.fr\/wp-content\/uploads\/2025\/08\/IMG_20250817_035537-300x300.jpg 300w, https:\/\/podium-cafe.fr\/wp-content\/uploads\/2025\/08\/IMG_20250817_035537-1024x1024.jpg 1024w, https:\/\/podium-cafe.fr\/wp-content\/uploads\/2025\/08\/IMG_20250817_035537-150x150.jpg 150w, https:\/\/podium-cafe.fr\/wp-content\/uploads\/2025\/08\/IMG_20250817_035537-768x768.jpg 768w, https:\/\/podium-cafe.fr\/wp-content\/uploads\/2025\/08\/IMG_20250817_035537-1536x1536.jpg 1536w, https:\/\/podium-cafe.fr\/wp-content\/uploads\/2025\/08\/IMG_20250817_035537-2048x2048.jpg 2048w\" sizes=\"(max-width: 2063px) 100vw, 2063px\" \/><\/figure><div class=\"elementor-image-box-content\"><p class=\"elementor-image-box-description\">Alliance - Pour sa disponibilit\u00e9 dans les grands et les petits moments et pour les connaissances partag\u00e9es<\/p><\/div><\/div>\t\t\t\t<\/div>\n\t\t\t\t<div class=\"elementor-element elementor-element-93d4fb7 elementor-position-top elementor-widget elementor-widget-image-box\" data-id=\"93d4fb7\" data-element_type=\"widget\" data-widget_type=\"image-box.default\">\n\t\t\t\t\t<div class=\"elementor-image-box-wrapper\"><figure class=\"elementor-image-box-img\"><img loading=\"lazy\" decoding=\"async\" width=\"947\" height=\"947\" src=\"https:\/\/podium-cafe.fr\/wp-content\/uploads\/2025\/08\/IMG_20250817_041210.jpg\" class=\"attachment-full size-full wp-image-290\" alt=\"Photo d&#039;Elise\" srcset=\"https:\/\/podium-cafe.fr\/wp-content\/uploads\/2025\/08\/IMG_20250817_041210.jpg 947w, https:\/\/podium-cafe.fr\/wp-content\/uploads\/2025\/08\/IMG_20250817_041210-300x300.jpg 300w, https:\/\/podium-cafe.fr\/wp-content\/uploads\/2025\/08\/IMG_20250817_041210-150x150.jpg 150w, https:\/\/podium-cafe.fr\/wp-content\/uploads\/2025\/08\/IMG_20250817_041210-768x768.jpg 768w\" sizes=\"(max-width: 947px) 100vw, 947px\" \/><\/figure><div class=\"elementor-image-box-content\"><p class=\"elementor-image-box-description\">Elise - Pour nous avoir tout appris sur les \u00e9v\u00e8nements culturels, et sur les bars \ud83d\ude09<\/p><\/div><\/div>\t\t\t\t<\/div>\n\t\t\t\t<div class=\"elementor-element elementor-element-fb96326 elementor-position-top elementor-widget elementor-widget-image-box\" data-id=\"fb96326\" data-element_type=\"widget\" data-widget_type=\"image-box.default\">\n\t\t\t\t\t<div class=\"elementor-image-box-wrapper\"><figure class=\"elementor-image-box-img\"><img loading=\"lazy\" decoding=\"async\" width=\"1682\" height=\"1682\" src=\"https:\/\/podium-cafe.fr\/wp-content\/uploads\/2025\/08\/IMG_20250817_035512.jpg\" class=\"attachment-full size-full wp-image-292\" alt=\"Photo de Gwen\" srcset=\"https:\/\/podium-cafe.fr\/wp-content\/uploads\/2025\/08\/IMG_20250817_035512.jpg 1682w, https:\/\/podium-cafe.fr\/wp-content\/uploads\/2025\/08\/IMG_20250817_035512-300x300.jpg 300w, https:\/\/podium-cafe.fr\/wp-content\/uploads\/2025\/08\/IMG_20250817_035512-1024x1024.jpg 1024w, https:\/\/podium-cafe.fr\/wp-content\/uploads\/2025\/08\/IMG_20250817_035512-150x150.jpg 150w, https:\/\/podium-cafe.fr\/wp-content\/uploads\/2025\/08\/IMG_20250817_035512-768x768.jpg 768w, https:\/\/podium-cafe.fr\/wp-content\/uploads\/2025\/08\/IMG_20250817_035512-1536x1536.jpg 1536w\" sizes=\"(max-width: 1682px) 100vw, 1682px\" \/><\/figure><div class=\"elementor-image-box-content\"><p class=\"elementor-image-box-description\">Gwen - Pour ses conseils d'une valeur inestimable sur le monde de l'hospitalit\u00e9 et la sommellerie<\/p><\/div><\/div>\t\t\t\t<\/div>\n\t\t\t\t<div class=\"elementor-element elementor-element-b3c328a elementor-position-top elementor-widget elementor-widget-image-box\" data-id=\"b3c328a\" data-element_type=\"widget\" data-widget_type=\"image-box.default\">\n\t\t\t\t\t<div class=\"elementor-image-box-wrapper\"><figure class=\"elementor-image-box-img\"><img loading=\"lazy\" decoding=\"async\" width=\"1479\" height=\"1479\" src=\"https:\/\/podium-cafe.fr\/wp-content\/uploads\/2025\/08\/IMG_20250817_035446.jpg\" class=\"attachment-full size-full wp-image-291\" alt=\"Photo de JM\" srcset=\"https:\/\/podium-cafe.fr\/wp-content\/uploads\/2025\/08\/IMG_20250817_035446.jpg 1479w, https:\/\/podium-cafe.fr\/wp-content\/uploads\/2025\/08\/IMG_20250817_035446-300x300.jpg 300w, https:\/\/podium-cafe.fr\/wp-content\/uploads\/2025\/08\/IMG_20250817_035446-1024x1024.jpg 1024w, https:\/\/podium-cafe.fr\/wp-content\/uploads\/2025\/08\/IMG_20250817_035446-150x150.jpg 150w, https:\/\/podium-cafe.fr\/wp-content\/uploads\/2025\/08\/IMG_20250817_035446-768x768.jpg 768w\" sizes=\"(max-width: 1479px) 100vw, 1479px\" \/><\/figure><div class=\"elementor-image-box-content\"><p class=\"elementor-image-box-description\">JM et J\u00e9r\u00e9mie - Pour le coup de main lors des journ\u00e9es travaux, pour les outils et les tours de d\u00e9chet'<\/p><\/div><\/div>\t\t\t\t<\/div>\n\t\t\t\t<div class=\"elementor-element elementor-element-a834d87 elementor-position-top elementor-widget elementor-widget-image-box\" data-id=\"a834d87\" data-element_type=\"widget\" data-widget_type=\"image-box.default\">\n\t\t\t\t\t<div class=\"elementor-image-box-wrapper\"><figure class=\"elementor-image-box-img\"><img loading=\"lazy\" decoding=\"async\" width=\"2560\" height=\"2560\" src=\"https:\/\/podium-cafe.fr\/wp-content\/uploads\/2025\/08\/IMG_20250817_035702-scaled.jpg\" class=\"attachment-full size-full wp-image-289\" alt=\"Photo de Leila\" srcset=\"https:\/\/podium-cafe.fr\/wp-content\/uploads\/2025\/08\/IMG_20250817_035702-scaled.jpg 2560w, https:\/\/podium-cafe.fr\/wp-content\/uploads\/2025\/08\/IMG_20250817_035702-300x300.jpg 300w, https:\/\/podium-cafe.fr\/wp-content\/uploads\/2025\/08\/IMG_20250817_035702-1024x1024.jpg 1024w, https:\/\/podium-cafe.fr\/wp-content\/uploads\/2025\/08\/IMG_20250817_035702-150x150.jpg 150w, https:\/\/podium-cafe.fr\/wp-content\/uploads\/2025\/08\/IMG_20250817_035702-768x768.jpg 768w, https:\/\/podium-cafe.fr\/wp-content\/uploads\/2025\/08\/IMG_20250817_035702-1536x1536.jpg 1536w, https:\/\/podium-cafe.fr\/wp-content\/uploads\/2025\/08\/IMG_20250817_035702-2048x2048.jpg 2048w\" sizes=\"(max-width: 2560px) 100vw, 2560px\" \/><\/figure><div class=\"elementor-image-box-content\"><p class=\"elementor-image-box-description\">Le\u00efla - Pour son soutien tout au long de l'avant-projet, quand les id\u00e9es fusent mais qu'il faut rester concentr\u00e9<\/p><\/div><\/div>\t\t\t\t<\/div>\n\t\t\t\t\t<\/div>\n\t\t\t\t<\/div>\n\t\t\t\t<\/div>\n\t\t","protected":false},"excerpt":{"rendered":"<p>&#8220;Les tiers-lieux sont la combinaison complexe entre un lieu et une personnalit\u00e9, porteur de projet et animateur.&#8221; Sur le terrain Apr\u00e8s des \u00e9tudes en marketing international et management, Lucie a pass\u00e9 plusieurs ann\u00e9es \u00e0 arpenter la sc\u00e8ne de la tech(no) Berlinoise. Elle a pu y d\u00e9couvrir des espaces hybrides o\u00f9 se rencontraient des freelances, des [&hellip;]<\/p>\n","protected":false},"author":1,"featured_media":0,"parent":0,"menu_order":0,"comment_status":"closed","ping_status":"closed","template":"","meta":{"footnotes":""},"class_list":["post-255","page","type-page","status-publish","hentry"],"_links":{"self":[{"href":"https:\/\/podium-cafe.fr\/index.php\/wp-json\/wp\/v2\/pages\/255","targetHints":{"allow":["GET"]}}],"collection":[{"href":"https:\/\/podium-cafe.fr\/index.php\/wp-json\/wp\/v2\/pages"}],"about":[{"href":"https:\/\/podium-cafe.fr\/index.php\/wp-json\/wp\/v2\/types\/page"}],"author":[{"embeddable":true,"href":"https:\/\/podium-cafe.fr\/index.php\/wp-json\/wp\/v2\/users\/1"}],"replies":[{"embeddable":true,"href":"https:\/\/podium-cafe.fr\/index.php\/wp-json\/wp\/v2\/comments?post=255"}],"version-history":[{"count":41,"href":"https:\/\/podium-cafe.fr\/index.php\/wp-json\/wp\/v2\/pages\/255\/revisions"}],"predecessor-version":[{"id":826,"href":"https:\/\/podium-cafe.fr\/index.php\/wp-json\/wp\/v2\/pages\/255\/revisions\/826"}],"wp:attachment":[{"href":"https:\/\/podium-cafe.fr\/index.php\/wp-json\/wp\/v2\/media?parent=255"}],"curies":[{"name":"wp","href":"https:\/\/api.w.org\/{rel}","templated":true}]}}